{"id":3021,"date":"2020-05-08T13:35:45","date_gmt":"2020-05-08T13:35:45","guid":{"rendered":"https:\/\/simorgh.de\/about\/?page_id=3021"},"modified":"2023-04-27T18:20:49","modified_gmt":"2023-04-27T18:20:49","slug":"autobiografisches","status":"publish","type":"page","link":"https:\/\/simorgh.de\/about\/impressum\/autobiografisches\/","title":{"rendered":"Autobiografisches"},"content":{"rendered":"\t\n\t\t\n\t<div id=\"meteor-slideshowfirst\" class=\"meteor-slides first navboth { next: '#meteor-nextfirst', prev: '#meteor-prevfirst', pager: '#meteor-buttonsfirst' }\">\n\t\n\t\t\t\n\t\t\t\n\t\t\t<ul class=\"meteor-nav\">\n\t\t\n\t\t\t\t<li id=\"meteor-prevfirst\" class=\"prev\"><a href=\"#prev\">Previous<\/a><\/li>\n\t\t\t\n\t\t\t\t<li id=\"meteor-nextfirst\" class=\"next\"><a href=\"#next\">Next<\/a><\/li>\n\t\t\t\n\t\t\t<\/ul><!-- .meteor-nav -->\n\t\t\n\t\t\t<div id=\"meteor-buttonsfirst\" class=\"meteor-buttons\"><\/div>\n\t\t\n\t\t\t\t\n\t\t\t\n\t\t<div class=\"meteor-clip\">\n\t\n\t\t\t\t\n\t\t\t<img decoding=\"async\" style=\"visibility: hidden;\" class=\"meteor-shim\" src=\"https:\/\/simorgh.de\/about\/wp-content\/uploads\/2013\/03\/sweeties_animal_place-940x640.jpg\" alt=\"\" \/>\n\t\t\t<div class=\"mslide mslide-1\">\n\t\t\t\t\n\t\t\t\t\t\t\t\t\t\n\t\t\t\t\t<img loading=\"lazy\" decoding=\"async\" width=\"940\" height=\"640\" src=\"https:\/\/simorgh.de\/about\/wp-content\/uploads\/2013\/03\/sweeties_animal_place-940x640.jpg\" class=\"attachment-featured-slide size-featured-slide wp-post-image\" alt=\"\" title=\"two\" \/>\t\t\t\t\t\n\t\t\t\t\t\t\t\n\t\t\t<\/div><!-- .mslide -->\n\t\t\t\n\t\t\t\t\t\t\n\t\t\t\t\n\t\t\t\n\t\t\t<div class=\"mslide mslide-2\">\n\t\t\t\t\n\t\t\t\t\t\t\t\t\t\n\t\t\t\t\t<img loading=\"lazy\" decoding=\"async\" width=\"940\" height=\"750\" src=\"https:\/\/simorgh.de\/about\/wp-content\/uploads\/2013\/03\/mum_and_kid-940x750.jpg\" class=\"attachment-featured-slide size-featured-slide wp-post-image\" alt=\"\" title=\"one\" \/>\t\t\t\t\t\n\t\t\t\t\t\t\t\n\t\t\t<\/div><!-- .mslide -->\n\t\t\t\n\t\t\t\t\t\t\n\t\t\t\t\n\t\t<\/div><!-- .meteor-clip -->\n\t\t\t\t\n\t\t\t\t\t\n\t<\/div><!-- .meteor-slides -->\n\t\n\t\n<p><em><strong>Man tut, was man f\u00fcr sinnvoll h\u00e4lt<\/strong><\/em><\/p>\n<p><em>Autobiografisches und Autoethnografisches<\/em><\/p>\n<p>Wir dachten es w\u00e4re f\u00fcr uns ein erfreuliches Unterfangen, eine Sektion einzurichten, in der wir \u00fcber ganz Pers\u00f6nliches sprechen wollen, \u00fcber Biografisches. Die Idee dabei ist es einen Ort des famili\u00e4ren Privaten f\u00fcr uns im digitalen Raum zu schaffen, als kleines Rahmenwerk unserer Vorstellungen von pers\u00f6nlicher Geborgenheit:<\/p>\n<p>Unser Tagebuch-Blog \/ our diary blog: <a href=\"https:\/\/simorgh.de\/biografie\/\">You and Me<\/a><\/p>\n<p>Vielen Dank an alle nichtmenschlichen Tiere die wir kennen und nicht kennen, an alle lieben Freund*innen, insbesondere K. und F. Zuleger, f\u00fcr einen immer wieder inspirierenden gedanklichen Austausch.<\/p>\n<h2 style=\"text-align: center;\"><strong>\u0645\u0627 \u0632\u0646\u062f\u06af\u06cc \u0645\u06cc\u06a9\u0646\u06cc\u0645\u060c \u0645\u0647\u0645 \u0646\u06cc\u0633\u062a \u06a9\u0647 \u0686\u0647 \u062c\u0627\u06cc\u06cc \u0648\u062c\u0648\u062f \u0645\u0627 \u062e\u0648\u062f \u0631\u0627 \u0622\u0634\u06a9\u0627\u0631 \u0645\u06cc \u06a9\u0646\u062f<\/strong><\/h2>\n","protected":false},"excerpt":{"rendered":"<p>Man tut, was man f\u00fcr sinnvoll h\u00e4lt Autobiografisches und Autoethnografisches Wir dachten es w\u00e4re f\u00fcr uns ein erfreuliches Unterfangen, eine Sektion einzurichten, in der wir \u00fcber ganz Pers\u00f6nliches sprechen wollen, \u00fcber Biografisches. Die Idee dabei ist es einen Ort des famili\u00e4ren Privaten f\u00fcr uns im digitalen Raum zu schaffen, als kleines Rahmenwerk unserer Vorstellungen von [&hellip;]<\/p>\n","protected":false},"author":1,"featured_media":0,"parent":1568,"menu_order":0,"comment_status":"closed","ping_status":"closed","template":"","meta":{"footnotes":""},"class_list":["post-3021","page","type-page","status-publish","hentry"],"_links":{"self":[{"href":"https:\/\/simorgh.de\/about\/wp-json\/wp\/v2\/pages\/3021"}],"collection":[{"href":"https:\/\/simorgh.de\/about\/wp-json\/wp\/v2\/pages"}],"about":[{"href":"https:\/\/simorgh.de\/about\/wp-json\/wp\/v2\/types\/page"}],"author":[{"embeddable":true,"href":"https:\/\/simorgh.de\/about\/wp-json\/wp\/v2\/users\/1"}],"replies":[{"embeddable":true,"href":"https:\/\/simorgh.de\/about\/wp-json\/wp\/v2\/comments?post=3021"}],"version-history":[{"count":24,"href":"https:\/\/simorgh.de\/about\/wp-json\/wp\/v2\/pages\/3021\/revisions"}],"predecessor-version":[{"id":4351,"href":"https:\/\/simorgh.de\/about\/wp-json\/wp\/v2\/pages\/3021\/revisions\/4351"}],"up":[{"embeddable":true,"href":"https:\/\/simorgh.de\/about\/wp-json\/wp\/v2\/pages\/1568"}],"wp:attachment":[{"href":"https:\/\/simorgh.de\/about\/wp-json\/wp\/v2\/media?parent=3021"}],"curies":[{"name":"wp","href":"https:\/\/api.w.org\/{rel}","templated":true}]}}